{"id":47,"date":"2015-08-20T12:44:19","date_gmt":"2015-08-20T12:44:19","guid":{"rendered":"http:\/\/secondaire.saintechretienne.be\/wordpress\/?page_id=47"},"modified":"2022-09-05T20:46:02","modified_gmt":"2022-09-05T18:46:02","slug":"la-rentree-a-sainte-chretienne","status":"publish","type":"page","link":"https:\/\/secondaire.saintechretienne.be\/wordpress\/la-rentree-a-sainte-chretienne\/","title":{"rendered":"Enseignement sp\u00e9cialis\u00e9"},"content":{"rendered":"\n<div class=\"wp-block-image\"><figure class=\"aligncenter\"><a href=\"http:\/\/secondaire.saintechretienne.be\/wordpress\/historique\/\"><img loading=\"lazy\" decoding=\"async\" width=\"300\" height=\"82\" src=\"http:\/\/secondaire.saintechretienne.be\/wordpress\/wp-content\/uploads\/2022\/09\/historique-2.png\" alt=\"\" class=\"wp-image-3225\"\/><\/a><\/figure><\/div>\n\n\n\n<div class=\"wp-block-image\"><figure class=\"aligncenter\"><a href=\"http:\/\/secondaire.saintechretienne.be\/wordpress\/projet-educatif-detablissement-et-historique-de-linstitut-sainte-chretienne\/\"><img loading=\"lazy\" decoding=\"async\" width=\"300\" height=\"82\" src=\"http:\/\/secondaire.saintechretienne.be\/wordpress\/wp-content\/uploads\/2022\/09\/Projet-\u00e9ducatif-2.png\" alt=\"\" class=\"wp-image-3226\"\/><\/a><\/figure><\/div>\n\n\n<h1 style=\"text-align: left;\"><span style=\"color: #14809a;\"><strong>Des types, des formes, des phases : structure de l&rsquo;enseignement secondaire sp\u00e9cialis\u00e9.<\/strong><\/span><\/h1>\n<p style=\"text-align: justify;\">L\u2019enseignement secondaire sp\u00e9cialis\u00e9 accueille des jeunes \u00e0 besoins sp\u00e9cifiques \u00e2g\u00e9s de <strong>13 \u00e0 21 ans <\/strong>(sur base d\u2019un avis motiv\u00e9 du conseil de classe, une d\u00e9rogation peut \u00eatre accord\u00e9e \u00e0 des \u00e9l\u00e8ves de 12 ans de m\u00eame que, dans certains cas et sur d\u00e9rogation, le Gouvernement peut autoriser le maintien d\u2019un \u00e9l\u00e8ve au-del\u00e0 de 21 ans.) Ce type d\u2019enseignement offre un soutien aux \u00e9l\u00e8ves \u00e9prouvant des difficult\u00e9s d&rsquo;apprentissage, des probl\u00e8mes de comportement, des troubles physiques ou mentaux. Il r\u00e9pond aux besoins \u00e9ducatifs sp\u00e9cifiques des \u00e9l\u00e8ves en difficult\u00e9 et cible leur d\u00e9veloppement personnel et leur insertion sociale et\/ou professionnelle.<\/p>\n<p style=\"text-align: justify;\">Cet enseignement s\u2019adresse \u00e0 des adolescents qui, sur base d\u2019un examen pluridisciplinaire, doivent b\u00e9n\u00e9ficier d\u2019un enseignement adapt\u00e9 en raison de leurs besoins sp\u00e9cifiques et de leurs possibilit\u00e9s p\u00e9dagogiques.<\/p>\n<div class=\"page\" title=\"Page 12\">\n<div class=\"layoutArea\">\n<div class=\"column\">\n<p style=\"text-align: justify;\">le nombre d&rsquo;\u00e9l\u00e8ves dans chaque classe est limit\u00e9 (quatorze maximum), ce qui permet un apprentissage individualis\u00e9, mais il est \u00e9galement possible d&rsquo;accorder une attention particuli\u00e8re \u00e0 chaque individu selon l&rsquo;\u00e9laboration d&rsquo;un plan individuel d\u2019apprentissage personnel (P.I.A.). Le P.I.A. agence les activit\u00e9s p\u00e9dagogiques, param\u00e9dicales, sociales et psychologiques de l\u2019\u00e9l\u00e8ve afin d\u2019atteindre ses objectifs. Il est adapt\u00e9 \u00e0 chaque \u00e9l\u00e8ve et est \u00e9labor\u00e9 par le conseil de classe \u00e9paul\u00e9 par l\u2019organisme charg\u00e9 de la guidance de l\u2019apprenant.<\/p>\n<\/div>\n<\/div>\n<\/div>\n<h2><span style=\"color: #0fd0e9;\">Des <em>types<\/em> d\u2019enseignement<\/span><\/h2>\n<div class=\"page\" title=\"Page 100\">\n<div class=\"layoutArea\">\n<div class=\"column\">\n<p style=\"text-align: justify;\">Afin de structurer un enseignement adapt\u00e9 aux besoins sp\u00e9cifiques des \u00e9l\u00e8ves, il existe une liste de huit types distincts qui permettent de s\u2019adapter aux besoins sp\u00e9cifiques de chaque type en fonction du handicap d\u00e9termin\u00e9. L\u2019article 8 du d\u00e9cret de 2004 organisant l\u2019enseignement sp\u00e9cialis\u00e9 (Moniteur belge, 2021) d\u00e9crit huit types. Chacun de ces types d\u2019enseignement est adapt\u00e9 aux <strong>besoins \u00e9ducatifs g\u00e9n\u00e9raux et particuliers des \u00e9l\u00e8ves<\/strong> relevant de l\u2019enseignement sp\u00e9cialis\u00e9.<\/p>\n<p style=\"text-align: justify;\">L\u2019Institut Sainte-Chr\u00e9tienne organise quant \u00e0 lui quatre types d&rsquo;enseignement sp\u00e9cialis\u00e9, \u00e0 savoir :<\/p>\n<\/div>\n<\/div>\n<\/div>\n<table id=\"ligne_tps\" class=\"contenttable\" style=\"border-color: #fcfafa; height: 546px; background-color: #84dbef;\" width=\"580\">\n<tbody>\n<tr>\n<td id=\"td_couleur01\" style=\"text-align: center; width: 154.640625px;\"><strong>Types d\u2019enseignement<\/strong><\/td>\n<td id=\"td_couleur01\" style=\"text-align: center; width: 130.375px;\"><strong>Niveau secondaire<\/strong><\/td>\n<td id=\"td_couleur01\" style=\"text-align: center; width: 285px;\">&nbsp;<\/td>\n<\/tr>\n<tr>\n<td id=\"td_couleur04\" style=\"text-align: center; width: 154.640625px;\">1<\/td>\n<td id=\"td_couleur04\" style=\"text-align: center; width: 130.375px;\">Oui<\/td>\n<td id=\"td_couleur02\" style=\"text-align: center; width: 285px;\">\n<div class=\"page\" title=\"Page 100\">\n<div class=\"layoutArea\">\n<div class=\"column\">\n<p style=\"text-align: center;\">Enseignement adress\u00e9 aux \u00e9l\u00e8ves pr\u00e9sentant un retard et\/ou un(des) trouble(s) l\u00e9ger(s) du d\u00e9veloppement intellectuel.<\/p>\n<\/div>\n<\/div>\n<\/div>\n<\/td>\n<\/tr>\n<tr>\n<td id=\"td_couleur04\" style=\"text-align: center; width: 154.640625px;\">2<\/td>\n<td id=\"td_couleur04\" style=\"text-align: center; width: 130.375px;\">Oui<\/td>\n<td id=\"td_couleur02\" style=\"text-align: center; width: 285px;\">\n<div class=\"page\" title=\"Page 100\">\n<div class=\"layoutArea\">\n<div class=\"column\">\n<p>Enseignement adress\u00e9 aux \u00e9l\u00e8ves pr\u00e9sentant un retard et\/ou un(des) trouble(s) mod\u00e9r\u00e9(s) et\/ou s\u00e9v\u00e8re(s) du d\u00e9veloppement intellectuel.<\/p>\n<\/div>\n<\/div>\n<\/div>\n<\/td>\n<\/tr>\n<tr>\n<td id=\"td_couleur04\" style=\"text-align: center; width: 154.640625px;\">3<\/td>\n<td id=\"td_couleur04\" style=\"text-align: center; width: 130.375px;\">Oui<\/td>\n<td id=\"td_couleur02\" style=\"text-align: center; width: 285px;\">\n<div class=\"page\" title=\"Page 100\">\n<div class=\"layoutArea\">\n<div class=\"column\">\n<p>Enseignement adress\u00e9 aux \u00e9l\u00e8ves pr\u00e9sentant des troubles structurels du comportement, des difficult\u00e9s relationnelles et affectives.<\/p>\n<\/div>\n<\/div>\n<\/div>\n<\/td>\n<\/tr>\n<tr>\n<td style=\"text-align: center; width: 154.640625px;\">8<\/td>\n<td style=\"text-align: center; width: 130.375px;\">Oui<\/td>\n<td style=\"text-align: center; width: 285px;\">\n<div class=\"page\" title=\"Page 100\">\n<div class=\"layoutArea\">\n<div class=\"column\">\n<div class=\"page\" title=\"Page 100\">\n<div class=\"layoutArea\">\n<div class=\"column\">\n<p>Enseignement destin\u00e9 aux \u00e9l\u00e8ves pour lesquels aucun trouble de l\u2019intelligence, de l\u2019audition ou de la vision n\u2019a \u00e9t\u00e9 diagnostiqu\u00e9 mais qui pr\u00e9sentent cependant des troubles dans l&rsquo;apprentissage.<\/p>\n<\/div>\n<\/div>\n<\/div>\n<\/div>\n<\/div>\n<\/div>\n<\/td>\n<\/tr>\n<\/tbody>\n<\/table>\n<h2><span style=\"color: #0fd0e9;\">Des <em>formes<\/em> d\u2019enseignement<\/span><\/h2>\n<div class=\"page\" title=\"Page 102\">\n<div class=\"layoutArea\">\n<div class=\"column\">\n<p style=\"text-align: justify;\">Les formes d\u2019enseignement sont organis\u00e9es en plusieurs phases qui correspondent \u00e0 la dur\u00e9e donn\u00e9e pour que l\u2019\u00e9l\u00e8ve acqui\u00e8re les comp\u00e9tences et objectifs d\u2019apprentissages d\u00e9finis. L\u2019enseignement secondaire sp\u00e9cialis\u00e9 est organis\u00e9 suivant les types d\u2019enseignement et selon les possibilit\u00e9s des \u00e9l\u00e8ves, en 4 formes d\u2019enseignement adapt\u00e9es au projet personnel de l\u2019\u00e9l\u00e8ve. Les formes d\u2019enseignement d\u00e9finissent le caract\u00e8re g\u00e9n\u00e9ral et <strong>les objectifs de l\u2019enseignement dispens\u00e9<\/strong>. Nous proposons les trois premi\u00e8res formes.<\/p>\n<p><\/p>\n<\/div>\n<\/div>\n<\/div>\n<table id=\"ligne_tps\" class=\"contenttable\" style=\"width: 616px; height: 235px; background-color: #84dbef;\">\n<tbody>\n<tr>\n<td style=\"width: 79.6875px; text-align: center;\">&nbsp;<\/td>\n<td id=\"td_couleur01\" style=\"width: 166.3125px; text-align: center;\"><strong>Formes d\u2019enseignement<\/strong><\/td>\n<td id=\"td_couleur01\" style=\"width: 346px; text-align: center;\"><strong>Objectifs<\/strong><\/td>\n<\/tr>\n<tr>\n<td id=\"td_couleur01\" style=\"width: 79.6875px; text-align: center;\"><a href=\"http:\/\/secondaire.saintechretienne.be\/wordpress\/la-classe-teacch\/\">Forme 1<\/a><\/td>\n<td id=\"td_couleur02\" style=\"width: 166.3125px; text-align: center;\">\n<p><\/p>\n<p>Adaptation sociale<\/p>\n<p><\/p>\n<\/td>\n<td id=\"td_couleur04\" style=\"width: 346px; text-align: center;\">Formation sociale visant l\u2019insertion en milieu de vie prot\u00e9g\u00e9<\/td>\n<\/tr>\n<tr>\n<td id=\"td_couleur01\" style=\"width: 79.6875px; text-align: center;\"><a href=\"http:\/\/secondaire.saintechretienne.be\/wordpress\/forme-2\/\">Forme 2<\/a><\/td>\n<td id=\"td_couleur02\" style=\"width: 166.3125px; text-align: center;\">\n<p>Adaptation sociale et professionnelle&nbsp;<\/p>\n<\/td>\n<td id=\"td_couleur04\" style=\"width: 346px; text-align: center;\">Formation g\u00e9n\u00e9rale et professionnelle visant l\u2019insertion en milieu de vie et\/ou travail prot\u00e9g\u00e9<\/td>\n<\/tr>\n<tr>\n<td id=\"td_couleur01\" style=\"width: 79.6875px; text-align: center;\"><a href=\"http:\/\/secondaire.saintechretienne.be\/wordpress\/forme-3\/\">Forme 3<\/a><\/td>\n<td id=\"td_couleur02\" style=\"width: 166.3125px; text-align: center;\">\n<p><\/p>\n<p>Professionnel sp\u00e9cialis\u00e9<\/p>\n<p><\/p>\n<\/td>\n<td id=\"td_couleur04\" style=\"width: 346px; text-align: center;\">Formation g\u00e9n\u00e9rale, sociale et professionnelle visant l\u2019insertion socioprofessionnelle<\/td>\n<\/tr>\n<\/tbody>\n<\/table>\n<h2><span style=\"color: #0fd0e9;\">Des <em>phases<\/em><\/span><\/h2>\n<p style=\"text-align: justify;\">Chacune des formes d\u2019enseignement est organis\u00e9e en une ou plusieurs phases qui s\u2019articulent autour du projet personnel de l\u2019\u00e9l\u00e8ve et du projet d\u2019\u00e9tablissement. Une phase correspond \u00e0 la <strong>dur\u00e9e requise<\/strong> pour que l\u2019\u00e9l\u00e8ve ma\u00eetrise les objectifs ou les r\u00e9f\u00e9rentiels des comp\u00e9tences fix\u00e9s. Organisant les trois premi\u00e8res formes d&rsquo;enseignement, nous organisons \u00e9galement les trois premi\u00e8res phases.<\/p>\n<h2 class=\"large_pic\"><img loading=\"lazy\" decoding=\"async\" src=\"http:\/\/enseignement.catholique.be\/segec\/uploads\/RTEmagicC_45c7d091bf.jpg.jpg\" alt=\"\" width=\"474\" height=\"310\"><span style=\"color: #00ccff;\">En bref<\/span><\/h2>\n<p style=\"text-align: justify;\">En fonction, tant des besoins sp\u00e9cifiques que des possibilit\u00e9s du jeune, l&rsquo;enseignement secondaire sp\u00e9cialis\u00e9 le pr\u00e9parera selon les cas :<\/p>\n<ul>\n<li>\u00e0 l&rsquo;int\u00e9gration dans un milieu de vie et\/ou de travail adapt\u00e9 ;<\/li>\n<li>\u00e0 l&rsquo;exercice de m\u00e9tiers ou de professions compatibles avec leur handicap qui rend possible leur int\u00e9gration dans un milieu de vie et de travail ordinaire ;<\/li>\n<li>\u00e0 la poursuite des \u00e9tudes jusqu&rsquo;au terme de l&rsquo;enseignement secondaire sup\u00e9rieur tout en offrant des possibilit\u00e9s de vie active.<\/li>\n<\/ul>\n<div class=\"page\" title=\"Page 14\">\n<div class=\"layoutArea\">\n<div class=\"column\">\n<p style=\"text-align: justify;\">C&rsquo;est \u00e0 travers du d\u00e9cret du&nbsp;<a href=\"http:\/\/www.gallilex.cfwb.be\/fr\/leg_res_01.php?ncda=28737&amp;referant=l01\" target=\"_blank\" rel=\"noopener noreferrer\"><span style=\"color: #0066cc;\">3 mars 2004<\/span>&nbsp; <\/a>que l\u2019organisation de l\u2019enseignement sp\u00e9cialis\u00e9 est model\u00e9e et structur\u00e9e.<\/p>\n<\/div>\n<\/div>\n<\/div>\n\n\n<p><\/p>\n","protected":false},"excerpt":{"rendered":"<p>Des types, des formes, des phases : structure de l&rsquo;enseignement secondaire sp\u00e9cialis\u00e9. L\u2019enseignement secondaire sp\u00e9cialis\u00e9 accueille des jeunes \u00e0 besoins sp\u00e9cifiques \u00e2g\u00e9s de 13 \u00e0 21 ans (sur base d\u2019un avis motiv\u00e9 du conseil de classe, une d\u00e9rogation peut \u00eatre accord\u00e9e \u00e0 des \u00e9l\u00e8ves de 12 ans de m\u00eame que, dans certains cas et sur [&hellip;]<\/p>\n","protected":false},"author":28,"featured_media":0,"parent":0,"menu_order":0,"comment_status":"closed","ping_status":"closed","template":"","meta":{"footnotes":""},"class_list":["post-47","page","type-page","status-publish","hentry"],"_links":{"self":[{"href":"https:\/\/secondaire.saintechretienne.be\/wordpress\/wp-json\/wp\/v2\/pages\/47"}],"collection":[{"href":"https:\/\/secondaire.saintechretienne.be\/wordpress\/wp-json\/wp\/v2\/pages"}],"about":[{"href":"https:\/\/secondaire.saintechretienne.be\/wordpress\/wp-json\/wp\/v2\/types\/page"}],"author":[{"embeddable":true,"href":"https:\/\/secondaire.saintechretienne.be\/wordpress\/wp-json\/wp\/v2\/users\/28"}],"replies":[{"embeddable":true,"href":"https:\/\/secondaire.saintechretienne.be\/wordpress\/wp-json\/wp\/v2\/comments?post=47"}],"version-history":[{"count":36,"href":"https:\/\/secondaire.saintechretienne.be\/wordpress\/wp-json\/wp\/v2\/pages\/47\/revisions"}],"predecessor-version":[{"id":3248,"href":"https:\/\/secondaire.saintechretienne.be\/wordpress\/wp-json\/wp\/v2\/pages\/47\/revisions\/3248"}],"wp:attachment":[{"href":"https:\/\/secondaire.saintechretienne.be\/wordpress\/wp-json\/wp\/v2\/media?parent=47"}],"curies":[{"name":"wp","href":"https:\/\/api.w.org\/{rel}","templated":true}]}}