{"id":461,"date":"2016-05-31T19:13:46","date_gmt":"2016-05-31T17:13:46","guid":{"rendered":"http:\/\/secondaire.saintechretienne.be\/wordpress\/?page_id=461"},"modified":"2022-09-23T11:09:13","modified_gmt":"2022-09-23T09:09:13","slug":"forme-3","status":"publish","type":"page","link":"https:\/\/secondaire.saintechretienne.be\/wordpress\/forme-3\/","title":{"rendered":"Forme 3"},"content":{"rendered":"<p>L&rsquo;enseignement sp\u00e9cialis\u00e9 de forme 3 vise l&rsquo;acquisition de comp\u00e9tences et d&rsquo;une qualification\u00a0professionnelles dans les m\u00e9tiers suivants :<\/p>\n\n\n<div class=\"wp-block-image\"><figure class=\"alignleft\"><a href=\"http:\/\/secondaire.saintechretienne.be\/wordpress\/le-metier-douvrier-jardinier\/\"><img loading=\"lazy\" decoding=\"async\" width=\"300\" height=\"82\" src=\"http:\/\/secondaire.saintechretienne.be\/wordpress\/wp-content\/uploads\/2022\/09\/Jardinier.png\" alt=\"\" class=\"wp-image-3237\"\/><\/a><\/figure><\/div>\n\n\n\n<div class=\"wp-block-image\"><figure class=\"alignleft\"><a href=\"http:\/\/secondaire.saintechretienne.be\/wordpress\/le-metier-douvrier-macon\/\"><img loading=\"lazy\" decoding=\"async\" width=\"300\" height=\"82\" src=\"http:\/\/secondaire.saintechretienne.be\/wordpress\/wp-content\/uploads\/2022\/09\/Ma\u00e7on-final.png\" alt=\"\" class=\"wp-image-3232\"\/><\/a><\/figure><\/div>\n\n\n\n<div class=\"wp-block-image\"><figure class=\"alignleft\"><a href=\"http:\/\/secondaire.saintechretienne.be\/wordpress\/le-metier-douvrier-dentretien-du-batiment-et-de-son-environnement\/\"><img loading=\"lazy\" decoding=\"async\" width=\"300\" height=\"82\" src=\"http:\/\/secondaire.saintechretienne.be\/wordpress\/wp-content\/uploads\/2022\/09\/EBE.png\" alt=\"\" class=\"wp-image-3233\"\/><\/a><\/figure><\/div>\n\n\n\n<div class=\"wp-block-image\"><figure class=\"alignright is-resized\"><a href=\"http:\/\/secondaire.saintechretienne.be\/wordpress\/le-metier-dauxiliaire-de-magasin\/\"><img loading=\"lazy\" decoding=\"async\" src=\"http:\/\/secondaire.saintechretienne.be\/wordpress\/wp-content\/uploads\/2022\/09\/\u00c9conomie-2.png\" alt=\"\" class=\"wp-image-3306\" width=\"290\" height=\"79\"\/><\/a><\/figure><\/div>\n\n\n\n<div class=\"wp-block-image\"><figure class=\"alignright is-resized\"><a href=\"http:\/\/secondaire.saintechretienne.be\/wordpress\/le-metier-de-commis-de-cuisine\/\"><img loading=\"lazy\" decoding=\"async\" src=\"http:\/\/secondaire.saintechretienne.be\/wordpress\/wp-content\/uploads\/2022\/09\/Hotellerie-1.png\" alt=\"\" class=\"wp-image-3305\" width=\"301\" height=\"83\"\/><\/a><\/figure><\/div>\n\n\n\n<div class=\"wp-block-image\"><figure class=\"alignleft\"><a href=\"http:\/\/secondaire.saintechretienne.be\/wordpress\/le-metier-ouvrier-forestier\/\"><img loading=\"lazy\" decoding=\"async\" width=\"300\" height=\"82\" src=\"http:\/\/secondaire.saintechretienne.be\/wordpress\/wp-content\/uploads\/2022\/09\/Forestier.png\" alt=\"\" class=\"wp-image-3236\"\/><\/a><\/figure><\/div>\n\n\n\n<div class=\"wp-block-image\"><figure class=\"alignleft\"><a href=\"http:\/\/secondaire.saintechretienne.be\/wordpress\/lalternance\/\"><img loading=\"lazy\" decoding=\"async\" width=\"300\" height=\"82\" src=\"http:\/\/secondaire.saintechretienne.be\/wordpress\/wp-content\/uploads\/2022\/09\/Copie-de-Hotellerie-1.png\" alt=\"\" class=\"wp-image-3265\"\/><\/a><\/figure><\/div>\n\n\n\n<div class=\"wp-block-image\"><figure class=\"alignleft\"><a href=\"http:\/\/secondaire.saintechretienne.be\/wordpress\/lintegration-dans-lenseignement-ordinaire\/\"><img loading=\"lazy\" decoding=\"async\" width=\"300\" height=\"82\" src=\"http:\/\/secondaire.saintechretienne.be\/wordpress\/wp-content\/uploads\/2022\/09\/Copie-de-Hotellerie-2-1.png\" alt=\"\" class=\"wp-image-3264\"\/><\/a><\/figure><\/div>\n","protected":false},"excerpt":{"rendered":"<p>L&rsquo;enseignement sp\u00e9cialis\u00e9 de forme 3 vise l&rsquo;acquisition de comp\u00e9tences et d&rsquo;une qualification\u00a0professionnelles dans les m\u00e9tiers suivants :<\/p>\n","protected":false},"author":6,"featured_media":0,"parent":0,"menu_order":0,"comment_status":"closed","ping_status":"closed","template":"","meta":{"footnotes":""},"class_list":["post-461","page","type-page","status-publish","hentry"],"_links":{"self":[{"href":"https:\/\/secondaire.saintechretienne.be\/wordpress\/wp-json\/wp\/v2\/pages\/461"}],"collection":[{"href":"https:\/\/secondaire.saintechretienne.be\/wordpress\/wp-json\/wp\/v2\/pages"}],"about":[{"href":"https:\/\/secondaire.saintechretienne.be\/wordpress\/wp-json\/wp\/v2\/types\/page"}],"author":[{"embeddable":true,"href":"https:\/\/secondaire.saintechretienne.be\/wordpress\/wp-json\/wp\/v2\/users\/6"}],"replies":[{"embeddable":true,"href":"https:\/\/secondaire.saintechretienne.be\/wordpress\/wp-json\/wp\/v2\/comments?post=461"}],"version-history":[{"count":30,"href":"https:\/\/secondaire.saintechretienne.be\/wordpress\/wp-json\/wp\/v2\/pages\/461\/revisions"}],"predecessor-version":[{"id":3308,"href":"https:\/\/secondaire.saintechretienne.be\/wordpress\/wp-json\/wp\/v2\/pages\/461\/revisions\/3308"}],"wp:attachment":[{"href":"https:\/\/secondaire.saintechretienne.be\/wordpress\/wp-json\/wp\/v2\/media?parent=461"}],"curies":[{"name":"wp","href":"https:\/\/api.w.org\/{rel}","templated":true}]}}