{"id":459,"date":"2016-05-31T19:13:29","date_gmt":"2016-05-31T17:13:29","guid":{"rendered":"http:\/\/secondaire.saintechretienne.be\/wordpress\/?page_id=459"},"modified":"2020-09-22T16:55:48","modified_gmt":"2020-09-22T14:55:48","slug":"forme-2","status":"publish","type":"page","link":"https:\/\/secondaire.saintechretienne.be\/wordpress\/forme-2\/","title":{"rendered":"Forme 2"},"content":{"rendered":"<p><span style=\"font-size: 14pt;\">La classe d\u2019adaptation sociale et professionnelle de Forme\u00a02 vise \u00e0 donner une formation g\u00e9n\u00e9rale, sociale et professionnelle pour rendre possible l\u2019insertion en milieu de vie et\/ou de travail adapt\u00e9.<\/span><\/p>\n<p><span style=\"font-size: 14pt;\">Pour atteindre les objectifs, nous proposons en plus d\u2019une p\u00e9dagogie adapt\u00e9e, des projets vari\u00e9s et une participation \u00e0 divers \u00e9v\u00e9nements :<\/span><\/p>\n<address>\n<ul>\n<li>NOUVEAU : <a href=\"http:\/\/secondaire.saintechretienne.be\/wordpress\/ecole-du-dehors-et-ecole-nomade\/\">l&rsquo;\u00e9cole du dehors<\/a>&#8211;<a href=\"http:\/\/secondaire.saintechretienne.be\/wordpress\/lecole-nomade\/\">l&rsquo;\u00e9cole nomade<\/a><\/li>\n<li>des ateliers\u00a0: th\u00e9\u00e2tre, informatique, lecture, \u2026<\/li>\n<li>une ouverture vers l\u2019ext\u00e9rieur<\/li>\n<li>des visites \u00e0 la ferme, en for\u00eat, des \u00e9changes scolaires, \u2026<\/li>\n<li>des stages en milieu prot\u00e9g\u00e9 (ETA) et en SAJA (Les Go\u00e9lands, la Boulaie)<\/li>\n<li>des cours d\u2019horticulture, m\u00e9canique, ma\u00e7onnerie, cuisine, menuiserie, travaux m\u00e9nagers, couture,\u00a0etc. leur permettant, \u00e0 terme, d&rsquo;acqu\u00e9rir de nombreuses comp\u00e9tences rendant les jeunes aptes \u00e0 trouver du travail, en ateliers prot\u00e9g\u00e9s ou non.<\/li>\n<li><a href=\"http:\/\/secondaire.saintechretienne.be\/wordpress\/le-camp-sportif\/\" target=\"_blank\" rel=\"noopener\">un camp sportif<\/a><\/li>\n<li>une journ\u00e9e p\u00eache<\/li>\n<li>des activit\u00e9s diverses \u00e0 th\u00e8me (jeux de P\u00e2ques, <a href=\"http:\/\/secondaire.saintechretienne.be\/wordpress\/la-veillee-de-noel\/\">veill\u00e9e de No\u00ebl<\/a>, &#8230;)<\/li>\n<li>la journ\u00e9e Ravel<\/li>\n<li><a href=\"http:\/\/secondaire.saintechretienne.be\/wordpress\/ecolin\/\" target=\"_blank\" rel=\"noopener\">Ecol&rsquo;In<\/a><\/li>\n<li><a href=\"http:\/\/secondaire.saintechretienne.be\/wordpress\/les-olympiades-du-langage\/\" target=\"_blank\" rel=\"noopener\">les Olympiades du langage<\/a> (en partenariat avec les forme 3, phase 1)<\/li>\n<li>etc.<\/li>\n<\/ul>\n<\/address>\n","protected":false},"excerpt":{"rendered":"<p>La classe d\u2019adaptation sociale et professionnelle de Forme\u00a02 vise \u00e0 donner une formation g\u00e9n\u00e9rale, sociale et professionnelle pour rendre possible l\u2019insertion en milieu de vie et\/ou de travail adapt\u00e9. Pour atteindre les objectifs, nous proposons en plus d\u2019une p\u00e9dagogie adapt\u00e9e, des projets vari\u00e9s et une participation \u00e0 divers \u00e9v\u00e9nements : NOUVEAU : l&rsquo;\u00e9cole du dehors&#8211;l&rsquo;\u00e9cole [&hellip;]<\/p>\n","protected":false},"author":6,"featured_media":0,"parent":0,"menu_order":0,"comment_status":"closed","ping_status":"closed","template":"","meta":{"footnotes":""},"class_list":["post-459","page","type-page","status-publish","hentry"],"_links":{"self":[{"href":"https:\/\/secondaire.saintechretienne.be\/wordpress\/wp-json\/wp\/v2\/pages\/459"}],"collection":[{"href":"https:\/\/secondaire.saintechretienne.be\/wordpress\/wp-json\/wp\/v2\/pages"}],"about":[{"href":"https:\/\/secondaire.saintechretienne.be\/wordpress\/wp-json\/wp\/v2\/types\/page"}],"author":[{"embeddable":true,"href":"https:\/\/secondaire.saintechretienne.be\/wordpress\/wp-json\/wp\/v2\/users\/6"}],"replies":[{"embeddable":true,"href":"https:\/\/secondaire.saintechretienne.be\/wordpress\/wp-json\/wp\/v2\/comments?post=459"}],"version-history":[{"count":11,"href":"https:\/\/secondaire.saintechretienne.be\/wordpress\/wp-json\/wp\/v2\/pages\/459\/revisions"}],"predecessor-version":[{"id":2771,"href":"https:\/\/secondaire.saintechretienne.be\/wordpress\/wp-json\/wp\/v2\/pages\/459\/revisions\/2771"}],"wp:attachment":[{"href":"https:\/\/secondaire.saintechretienne.be\/wordpress\/wp-json\/wp\/v2\/media?parent=459"}],"curies":[{"name":"wp","href":"https:\/\/api.w.org\/{rel}","templated":true}]}}