{"id":457,"date":"2016-05-31T19:13:07","date_gmt":"2016-05-31T17:13:07","guid":{"rendered":"http:\/\/secondaire.saintechretienne.be\/wordpress\/?page_id=457"},"modified":"2017-12-01T09:38:48","modified_gmt":"2017-12-01T08:38:48","slug":"forme-1","status":"publish","type":"page","link":"https:\/\/secondaire.saintechretienne.be\/wordpress\/forme-1\/","title":{"rendered":"Forme 1"},"content":{"rendered":"<p><span style=\"font-size: 18pt;\">Le projet p\u00e9dagogique de Forme 1 \u00e0 l&rsquo;Institut Sainte-Chr\u00e9tienne est r\u00e9parti selon trois sp\u00e9cificit\u00e9s : <\/span><\/p>\n<p>&nbsp;<\/p>\n<p style=\"text-align: center;\"><a href=\"http:\/\/secondaire.saintechretienne.be\/wordpress\/la-classe-dadaptation-de-forme-1\/\"><span style=\"color: #800080; font-size: 24pt;\">La classe d&rsquo;adaptation (Forme 1)<\/span><\/a><\/p>\n<p style=\"text-align: center;\"><a href=\"http:\/\/secondaire.saintechretienne.be\/wordpress\/la-classe-teacch\/\"><span style=\"color: #33cccc; font-size: 24pt;\">La classe TEACCH<\/span><\/a><\/p>\n<p style=\"text-align: center;\"><a href=\"http:\/\/secondaire.saintechretienne.be\/wordpress\/la-classe-de-forme-1\"><span style=\"font-size: 24pt; color: #99cc00;\">La classe de Forme 1<\/span><\/a><\/p>\n<p>&nbsp;<\/p>\n","protected":false},"excerpt":{"rendered":"<p>Le projet p\u00e9dagogique de Forme 1 \u00e0 l&rsquo;Institut Sainte-Chr\u00e9tienne est r\u00e9parti selon trois sp\u00e9cificit\u00e9s : &nbsp; La classe d&rsquo;adaptation (Forme 1) La classe TEACCH La classe de Forme 1 &nbsp;<\/p>\n","protected":false},"author":6,"featured_media":0,"parent":0,"menu_order":0,"comment_status":"closed","ping_status":"closed","template":"","meta":{"footnotes":""},"class_list":["post-457","page","type-page","status-publish","hentry"],"_links":{"self":[{"href":"https:\/\/secondaire.saintechretienne.be\/wordpress\/wp-json\/wp\/v2\/pages\/457"}],"collection":[{"href":"https:\/\/secondaire.saintechretienne.be\/wordpress\/wp-json\/wp\/v2\/pages"}],"about":[{"href":"https:\/\/secondaire.saintechretienne.be\/wordpress\/wp-json\/wp\/v2\/types\/page"}],"author":[{"embeddable":true,"href":"https:\/\/secondaire.saintechretienne.be\/wordpress\/wp-json\/wp\/v2\/users\/6"}],"replies":[{"embeddable":true,"href":"https:\/\/secondaire.saintechretienne.be\/wordpress\/wp-json\/wp\/v2\/comments?post=457"}],"version-history":[{"count":3,"href":"https:\/\/secondaire.saintechretienne.be\/wordpress\/wp-json\/wp\/v2\/pages\/457\/revisions"}],"predecessor-version":[{"id":2177,"href":"https:\/\/secondaire.saintechretienne.be\/wordpress\/wp-json\/wp\/v2\/pages\/457\/revisions\/2177"}],"wp:attachment":[{"href":"https:\/\/secondaire.saintechretienne.be\/wordpress\/wp-json\/wp\/v2\/media?parent=457"}],"curies":[{"name":"wp","href":"https:\/\/api.w.org\/{rel}","templated":true}]}}