{"id":3071,"date":"2022-05-07T21:43:53","date_gmt":"2022-05-07T19:43:53","guid":{"rendered":"http:\/\/secondaire.saintechretienne.be\/wordpress\/?page_id=3071"},"modified":"2022-09-20T09:18:31","modified_gmt":"2022-09-20T07:18:31","slug":"inscriptions","status":"publish","type":"page","link":"https:\/\/secondaire.saintechretienne.be\/wordpress\/inscriptions\/","title":{"rendered":"Inscriptions"},"content":{"rendered":"\n<p>Notre \u00e9cole se r\u00e9invente \u00e0 travers de nouveaux projets chaque ann\u00e9e. Pourquoi votre enfant ne viendrait-il pas participer \u00e0 cette grande exp\u00e9rience qu&rsquo;est l&rsquo;apprentissage \u00e0 l&rsquo;institut Sainte-Chr\u00e9tienne Secondaire ?<\/p>\n\n\n\n<h2 class=\"wp-block-heading\"><\/h2>\n\n\n\n<p style=\"text-align:center\">ASL Sainte-Chr\u00e9tienne<br>\nEnseignement Secondaire Sp\u00e9cialis\u00e9<br>\n23 Boulevard Louise<br>\n6460 CHIMAY<\/p>\n\n\n\n<p><\/p>\n\n\n\n<div class=\"wp-block-image\"><figure class=\"aligncenter\"><img loading=\"lazy\" decoding=\"async\" width=\"1024\" height=\"713\" src=\"http:\/\/secondaire.saintechretienne.be\/wordpress\/wp-content\/uploads\/2022\/09\/Plan-\u00e9cole-1024x713.png\" alt=\"\" class=\"wp-image-3301\" srcset=\"https:\/\/secondaire.saintechretienne.be\/wordpress\/wp-content\/uploads\/2022\/09\/Plan-\u00e9cole-1024x713.png 1024w, https:\/\/secondaire.saintechretienne.be\/wordpress\/wp-content\/uploads\/2022\/09\/Plan-\u00e9cole-300x209.png 300w, https:\/\/secondaire.saintechretienne.be\/wordpress\/wp-content\/uploads\/2022\/09\/Plan-\u00e9cole-768x535.png 768w, https:\/\/secondaire.saintechretienne.be\/wordpress\/wp-content\/uploads\/2022\/09\/Plan-\u00e9cole.png 1550w\" sizes=\"(max-width: 1024px) 100vw, 1024px\" \/><figcaption><br><br><br><\/figcaption><\/figure><\/div>\n\n\n\n<p>Coordonn\u00e9es : direction@secondaire.saintechretienne.be<br> T\u00e9l : 0032-060\/ 21 27 75<br> Implantation : 3083 &#8211; N\u00b0 fase : 1531<\/p>\n","protected":false},"excerpt":{"rendered":"<p>Notre \u00e9cole se r\u00e9invente \u00e0 travers de nouveaux projets chaque ann\u00e9e. Pourquoi votre enfant ne viendrait-il pas participer \u00e0 cette grande exp\u00e9rience qu&rsquo;est l&rsquo;apprentissage \u00e0 l&rsquo;institut Sainte-Chr\u00e9tienne Secondaire ? ASL Sainte-Chr\u00e9tienne Enseignement Secondaire Sp\u00e9cialis\u00e9 23 Boulevard Louise 6460 CHIMAY Coordonn\u00e9es : direction@secondaire.saintechretienne.be T\u00e9l : 0032-060\/ 21 27 75 Implantation : 3083 &#8211; N\u00b0 fase : [&hellip;]<\/p>\n","protected":false},"author":28,"featured_media":0,"parent":0,"menu_order":0,"comment_status":"closed","ping_status":"closed","template":"","meta":{"footnotes":""},"class_list":["post-3071","page","type-page","status-publish","hentry"],"_links":{"self":[{"href":"https:\/\/secondaire.saintechretienne.be\/wordpress\/wp-json\/wp\/v2\/pages\/3071"}],"collection":[{"href":"https:\/\/secondaire.saintechretienne.be\/wordpress\/wp-json\/wp\/v2\/pages"}],"about":[{"href":"https:\/\/secondaire.saintechretienne.be\/wordpress\/wp-json\/wp\/v2\/types\/page"}],"author":[{"embeddable":true,"href":"https:\/\/secondaire.saintechretienne.be\/wordpress\/wp-json\/wp\/v2\/users\/28"}],"replies":[{"embeddable":true,"href":"https:\/\/secondaire.saintechretienne.be\/wordpress\/wp-json\/wp\/v2\/comments?post=3071"}],"version-history":[{"count":4,"href":"https:\/\/secondaire.saintechretienne.be\/wordpress\/wp-json\/wp\/v2\/pages\/3071\/revisions"}],"predecessor-version":[{"id":3303,"href":"https:\/\/secondaire.saintechretienne.be\/wordpress\/wp-json\/wp\/v2\/pages\/3071\/revisions\/3303"}],"wp:attachment":[{"href":"https:\/\/secondaire.saintechretienne.be\/wordpress\/wp-json\/wp\/v2\/media?parent=3071"}],"curies":[{"name":"wp","href":"https:\/\/api.w.org\/{rel}","templated":true}]}}