{"id":3050,"date":"2022-05-07T18:43:46","date_gmt":"2022-05-07T16:43:46","guid":{"rendered":"http:\/\/secondaire.saintechretienne.be\/wordpress\/home\/"},"modified":"2024-02-19T11:34:27","modified_gmt":"2024-02-19T10:34:27","slug":"home","status":"publish","type":"page","link":"https:\/\/secondaire.saintechretienne.be\/wordpress\/","title":{"rendered":"Accueil"},"content":{"rendered":"\n<style>#rpg-3127 .img-slider-item .caption { background-color: #ffffff;  }#rpg-3127 .img-slider-item .figc {color:#ffffff;}#rpg-3127 .rpg-title {  font-size: 18px; }#rpg-3127 { width:500px;}#rpg-3127  p.description { color:#ffffff;font-size:14px; }#rpg-3127  .rpg-title { color:#ffffff; }<\/style>\n\r\n\r\n\r\n\r\n<div id=\"rpg-3127\" class=\"img-slider image-slider \" style=\"margin: 50px auto;\" data-config=\"{&quot;columns&quot;:12,&quot;gutter&quot;:8}\">\r\n\r\n\r\n\r\n<style type=\"text\/css\">\r\n\r\n\t \/*custom css for full-width*\/\r\n    \/*.post-inner {\r\n      padding-top: 0rem; \r\n    }\r\n\r\n    body.template-full-width .entry-content > *:not(.alignwide):not(.alignfull):not(.alignleft):not(.alignright):not(.is-style-wide), body.template-full-width [class*=\"__inner-container\"] > *:not(.alignwide):not(.alignfull):not(.alignleft):not(.alignright):not(.is-style-wide)\r\n    {\r\n      max-width: max-content;\r\n    }*\/\r\n\r\n\t.carousel-inner img {\r\n      width: 100%;\r\n      height: 100% !important;\r\n \t}\r\n\r\n\t.img-slider-carousel-caption {\r\n\t     bottom: 50px !important; \r\n\t}\r\n \r\n\t #img-slider-demo h5{\r\n\t  margin: 12px;\r\n\t } \r\n\r\n\t #img-slider-demo .carousel-indicators{\r\n\t    position:absolute;\r\n\t    bottom:10px;\r\n\t    left:50%;\r\n\t    z-index:15;\r\n\t    width:60%;\r\n\t    padding-left:0;\r\n\t    margin-left:-30%;\r\n\t    text-align:center;\r\n\t    list-style:none\r\n\t}\r\n\t#img-slider-demo .carousel-indicators li{\r\n\t   \/* display:inline-block;\r\n\t    width:10px;\r\n\t    height:10px;\r\n\t    margin:1px;\r\n\t    text-indent:-999px;\r\n\t    cursor:pointer;\r\n\t    background-color:#000\\9;\r\n\t    background-color:rgba(0,0,0,0);\r\n\t    border:1px solid #fff;\r\n\t    border-radius:10px;*\/\r\n\r\n\t    display:inline-block;\r\n\t    position: relative;\r\n\t    width: 30px;\r\n\t    height: 10px;\r\n\t    background-color: #fff;\r\n\t    border-radius: 10px;\r\n\t    margin:0px 3px !important;\r\n\t}\r\n\t#img-slider-demo .carousel-indicators .active{\r\n\t\t\/*width:12px;\r\n\t\theight:12px;*\/\r\n\t\t\/*margin:0;*\/\r\n\t\tbackground-color:#43baff !important;\r\n\r\n\t\twidth: 30px;\r\n\t    height: 10px;\r\n\t}\r\n\r\n\r\n    .img-slider-swiper-button-prev {\r\n        position: relative;\r\n        width: auto;\r\n        height: auto;\r\n        padding: 5px 20px;\r\n        background: transparent; \r\n        border-radius: 0%; \r\n        background-position: -82px -22px;\r\n        cursor: pointer;\r\n        top: 45%;\r\n        left: 30px;\r\n        margin-top: -25px;\r\n        position: absolute;\r\n        z-index: 110;\r\n    }\r\n\r\n    .img-slider-swiper-button-next {\r\n        position: relative;\r\n        right: 30px;\r\n        left: auto;\r\n        background-position: -81px -99px;\r\n        padding: 5px 20px;\r\n        width: auto;\r\n        height: auto;\r\n        background: transparent; \r\n        border-radius: 0%;\r\n        cursor: pointer;\r\n        top: 45%;\r\n        margin-top: -25px;\r\n        position: absolute;\r\n        z-index: 110;\r\n    }\r\n\r\n    #img-slider-demo .carousel-item:after{\r\n    \tbackground: none !important;\r\n    }\r\n\r\n    .img-slider-swiper-button-next:after, .img-slider-swiper-button-prev:after{\r\n        font-size: 32px; \r\n        font-weight: bold;\r\n        color: #107eb6;  \r\n    }\r\n\r\n    .img-slider-swiper-button-prev:hover,\r\n    .img-slider-swiper-button-next:hover {\r\n        background: #107eb6;\r\n    }\r\n\r\n    .carousel-control-prev:hover .img-slider-swiper-button-prev:after,\r\n    .carousel-control-next:hover .img-slider-swiper-button-next:after{\r\n        color: #fff;\r\n    }\r\n\r\n<\/style>\r\n\r\n\t\t\t\t\t\r\n\t\r\n\t\t\t\t\t\r\n\t\r\n\t\t\t\t\t\r\n\t\r\n\t\t\t\t\t\r\n\t\r\n\t\t\t\t\t\r\n\t\r\n\t\t\t\t\t\r\n\t\r\n\t\t\t\t\t\r\n\t\r\n\t\t\t\t\t\r\n\t\r\n\t\t\t\t\t\r\n\t\r\n\r\n\r\n  \r\n \r\n\r\n<div id=\"img-slider-demo\" class=\"carousel slide\" data-ride=\"carousel\" data-interval=\"3000\">\r\n\t  <!-- Indicators -->\r\n\t\t\r\n\t  <div class=\"carousel-inner\">\r\n\t    \r\n\r\n\t    <!-- ========================================================================== -->\r\n\t    \t\t\t\t\t\t\t\t\t\t\t\t<div class=\"carousel-item active\">\r\n\t\t\t\t\t\t      <img decoding=\"async\" src=\"https:\/\/secondaire.saintechretienne.be\/wordpress\/wp-content\/uploads\/2022\/05\/10-1024x498-1.jpeg\" >\r\n\t\t\t\t\t\t\t\t<div class=\"img-slider-carousel-caption d-none d-md-block\">\r\n\t\t\t\t\t\t\t\t\t\r\n\t                                \t\t\t\t\t\t\t\t\t\t<p style=\"font-family: Arial;\r\n\t                                   \r\n\t\t\t\t\t\t\t\t\t\t\">\r\n\t\t\t\t\t\t\t\t\t\t<span style=\"line-height: normal;\r\n\t\t\t\t\t\t\t\t\t\tfont-size: 14px;\r\n\t\t\t\t\t\t\t\t\t\tcolor: #ffffff;\r\n\t\t\t\t\t\t\t\t\t\tbackground-color: ;\r\n\t\t\t\t\t\t\t\t\t\t\t\t\t padding: 5px;\r\n\t\t\t\t\t\t\t\t\t\t\t\t\t border-radius: 3px;\r\n\t\t\t\t\t\t\t\t\t\t\"><\/span><\/p>\r\n\t\t\t\t\t\t\t\t\t\t\t\t\t\t\t  \t\t<\/div>\r\n\t\t\t\t\t\t    <\/div>\r\n\t\t\t\t\t\t\t\t\r\n\t\t\t\t\r\n\t\t\t\t\t\t\r\n\t\t\t\t\t    \r\n\r\n\t\t\t\t\t\t\t\t\t\t\t\t\t\t\t<div class=\"carousel-item\">\r\n\t\t\t\t\t\t      <img decoding=\"async\" src=\"https:\/\/secondaire.saintechretienne.be\/wordpress\/wp-content\/uploads\/2022\/05\/ap\u00e9ro-verrines-02-1.png\" >\r\n\t\t\t\t\t\t      <div class=\"img-slider-carousel-caption d-none d-md-block\">\r\n\t\t\t\t\t\t\t\t    \r\n\t                                \t\t\t\t\t\t  \t\t<\/div>\r\n\t\t\t\t\t\t    <\/div>\r\n\t\t\t\t\t\t\t\t\r\n\t\t\t\t\r\n\t\t\t\t\t\t\r\n\t\t\t\t\t    \r\n\r\n\t\t\t\t\t\t\t\t\t\t\t\t\t\t\t<div class=\"carousel-item\">\r\n\t\t\t\t\t\t      <img decoding=\"async\" src=\"https:\/\/secondaire.saintechretienne.be\/wordpress\/wp-content\/uploads\/2022\/05\/IMG_8872-2-1024x629-1.jpeg\" >\r\n\t\t\t\t\t\t      <div class=\"img-slider-carousel-caption d-none d-md-block\">\r\n\t\t\t\t\t\t\t\t    \r\n\t                                \t\t\t\t\t\t  \t\t<\/div>\r\n\t\t\t\t\t\t    <\/div>\r\n\t\t\t\t\t\t\t\t\r\n\t\t\t\t\r\n\t\t\t\t\t\t\r\n\t\t\t\t\t    \r\n\r\n\t\t\t\t\t\t\t\t\t\t\t\t\t\t\t<div class=\"carousel-item\">\r\n\t\t\t\t\t\t      <img decoding=\"async\" src=\"https:\/\/secondaire.saintechretienne.be\/wordpress\/wp-content\/uploads\/2022\/05\/pr\u00e9paration-1-1920x800.jpeg\" >\r\n\t\t\t\t\t\t      <div class=\"img-slider-carousel-caption d-none d-md-block\">\r\n\t\t\t\t\t\t\t\t    \r\n\t                                \t\t\t\t\t\t  \t\t<\/div>\r\n\t\t\t\t\t\t    <\/div>\r\n\t\t\t\t\t\t\t\t\r\n\t\t\t\t\r\n\t\t\t\t\t\t\r\n\t\t\t\t\t    \r\n\r\n\t\t\t\t\t\t\t\t\t\t\t\t\t\t\t<div class=\"carousel-item\">\r\n\t\t\t\t\t\t      <img decoding=\"async\" src=\"https:\/\/secondaire.saintechretienne.be\/wordpress\/wp-content\/uploads\/2022\/05\/Capture-d\u2019\u00e9cran-2020-09-18-\u00e0-15.15.34.png\" >\r\n\t\t\t\t\t\t      <div class=\"img-slider-carousel-caption d-none d-md-block\">\r\n\t\t\t\t\t\t\t\t    \r\n\t                                \t\t\t\t\t\t  \t\t<\/div>\r\n\t\t\t\t\t\t    <\/div>\r\n\t\t\t\t\t\t\t\t\r\n\t\t\t\t\r\n\t\t\t\t\t\t\r\n\t\t\t\t\t    \r\n\r\n\t\t\t\t\t\t\t\t\t\t\t\t\t\t\t<div class=\"carousel-item\">\r\n\t\t\t\t\t\t      <img decoding=\"async\" src=\"https:\/\/secondaire.saintechretienne.be\/wordpress\/wp-content\/uploads\/2020\/09\/f2-g.png\" >\r\n\t\t\t\t\t\t      <div class=\"img-slider-carousel-caption d-none d-md-block\">\r\n\t\t\t\t\t\t\t\t    \r\n\t                                \t\t\t\t\t\t  \t\t<\/div>\r\n\t\t\t\t\t\t    <\/div>\r\n\t\t\t\t\t\t\t\t\r\n\t\t\t\t\r\n\t\t\t\t\t\t\r\n\t\t\t\t\t    \r\n\r\n\t\t\t\t\t\t\t\t\t\t\t\t\t\t\t<div class=\"carousel-item\">\r\n\t\t\t\t\t\t      <img decoding=\"async\" src=\"https:\/\/secondaire.saintechretienne.be\/wordpress\/wp-content\/uploads\/2020\/09\/Boxe-03.jpg\" >\r\n\t\t\t\t\t\t      <div class=\"img-slider-carousel-caption d-none d-md-block\">\r\n\t\t\t\t\t\t\t\t    \r\n\t                                \t\t\t\t\t\t  \t\t<\/div>\r\n\t\t\t\t\t\t    <\/div>\r\n\t\t\t\t\t\t\t\t\r\n\t\t\t\t\r\n\t\t\t\t\t\t\r\n\t\t\t\t\t    \r\n\r\n\t\t\t\t\t\t\t\t\t\t\t\t\t\t\t<div class=\"carousel-item\">\r\n\t\t\t\t\t\t      <img decoding=\"async\" src=\"https:\/\/secondaire.saintechretienne.be\/wordpress\/wp-content\/uploads\/2022\/05\/Capture-d\u2019\u00e9cran-2020-09-21-\u00e0-15.10.22.png\" >\r\n\t\t\t\t\t\t      <div class=\"img-slider-carousel-caption d-none d-md-block\">\r\n\t\t\t\t\t\t\t\t    \r\n\t                                \t\t\t\t\t\t  \t\t<\/div>\r\n\t\t\t\t\t\t    <\/div>\r\n\t\t\t\t\t\t\t\t\r\n\t\t\t\t\r\n\t\t\t\t\t\t\r\n\t\t\t\t\t    \r\n\r\n\t\t\t\t\t\t\t\t\t\t\t\t\t\t\t<div class=\"carousel-item\">\r\n\t\t\t\t\t\t      <img decoding=\"async\" src=\"https:\/\/secondaire.saintechretienne.be\/wordpress\/wp-content\/uploads\/2022\/05\/121178406_947056149117472_5409638061080013903_n-1296x800.jpg\" >\r\n\t\t\t\t\t\t      <div class=\"img-slider-carousel-caption d-none d-md-block\">\r\n\t\t\t\t\t\t\t\t    \r\n\t                                \t\t\t\t\t\t  \t\t<\/div>\r\n\t\t\t\t\t\t    <\/div>\r\n\t\t\t\t\t\t\t\t\r\n\t\t\t\t\r\n\t\t\t\t\t\t\r\n\t\t\t\t\t    \r\n\r\n\t\t\t\r\n\t    <!-- ========================================================================== -->\r\n\r\n\t    \r\n\t  <\/div>\r\n\t  \r\n\r\n\t<!-- Left and right controls -->\r\n\t<\/div><!-- img-slider-demo -->\r\n\r\n<script type=\"text\/javascript\">\r\n\t\/*$('#carousel').carousel({\r\n\t  data-interval=\"1000\"\r\n\t});*\/\r\n\r\n\t\/*var auto_play = '<php echo $auto_play; ?>';\r\n\tauto_play = (auto_play==1) ? true : false;\r\n\r\n\r\n\tif(auto_play==false){\r\n\tconsole.log(auto_play);\r\n\t\tjQuery(window).load(function() {\r\n\r\n\t    \tjQuery('.carousel').carousel('pause');\r\n\t \r\n\t\t});\r\n\t}*\/\r\n<\/script>\r\n<\/div>\r\n\r\n\r\n\r\n\r\n\r\n\t\r\n\r\n\n\n\n\n<p style=\"text-align:center\"><br>Pour en savoir davantage sur les modalit\u00e9s d&rsquo;inscription, rendez-vous sur la page suivante :<\/p>\n\n\n\n<div class=\"wp-block-image\"><figure class=\"aligncenter\"><a href=\"http:\/\/secondaire.saintechretienne.be\/wordpress\/inscriptions\/\"><img loading=\"lazy\" decoding=\"async\" width=\"400\" height=\"109\" src=\"http:\/\/secondaire.saintechretienne.be\/wordpress\/wp-content\/uploads\/2023\/08\/rentr\u00e9e-02.png\" alt=\"\" class=\"wp-image-3369\" srcset=\"https:\/\/secondaire.saintechretienne.be\/wordpress\/wp-content\/uploads\/2023\/08\/rentr\u00e9e-02.png 400w, https:\/\/secondaire.saintechretienne.be\/wordpress\/wp-content\/uploads\/2023\/08\/rentr\u00e9e-02-300x82.png 300w\" sizes=\"(max-width: 400px) 100vw, 400px\" \/><\/a><\/figure><\/div>\n\n\n\n<h2 class=\"wp-block-heading\" style=\"text-align:center\"><strong>Contactez-nous <\/strong><\/h2>\n\n\n\n<p style=\"text-align:center\">Notre \u00e9cole est ouverte de 8h \u00e0 16h30 les lundis, mardis, jeudis et vendredis et de 8h \u00e0 12h10 les mercredis, hors cong\u00e9s et jours f\u00e9ri\u00e9s.<\/p>\n\n\n\n<div class=\"wp-block-image\"><figure class=\"aligncenter\"><a href=\"http:\/\/secondaire.saintechretienne.be\/wordpress\/equipe\/\"><img loading=\"lazy\" decoding=\"async\" width=\"450\" height=\"123\" src=\"http:\/\/secondaire.saintechretienne.be\/wordpress\/wp-content\/uploads\/2022\/09\/Copie-de-Hotellerie-5.png\" alt=\"\" class=\"wp-image-3274\" srcset=\"https:\/\/secondaire.saintechretienne.be\/wordpress\/wp-content\/uploads\/2022\/09\/Copie-de-Hotellerie-5.png 450w, https:\/\/secondaire.saintechretienne.be\/wordpress\/wp-content\/uploads\/2022\/09\/Copie-de-Hotellerie-5-300x82.png 300w\" sizes=\"(max-width: 450px) 100vw, 450px\" \/><\/a><figcaption><br><\/figcaption><\/figure><\/div>\n\n\n\n<figure class=\"wp-block-image\"><img loading=\"lazy\" decoding=\"async\" width=\"878\" height=\"499\" src=\"http:\/\/secondaire.saintechretienne.be\/wordpress\/wp-content\/uploads\/2024\/02\/Capture-d\u2019\u00e9cran-2024-02-19-\u00e0-11.32.29.png\" alt=\"\" class=\"wp-image-3401\" srcset=\"https:\/\/secondaire.saintechretienne.be\/wordpress\/wp-content\/uploads\/2024\/02\/Capture-d\u2019\u00e9cran-2024-02-19-\u00e0-11.32.29.png 878w, https:\/\/secondaire.saintechretienne.be\/wordpress\/wp-content\/uploads\/2024\/02\/Capture-d\u2019\u00e9cran-2024-02-19-\u00e0-11.32.29-300x171.png 300w, https:\/\/secondaire.saintechretienne.be\/wordpress\/wp-content\/uploads\/2024\/02\/Capture-d\u2019\u00e9cran-2024-02-19-\u00e0-11.32.29-768x436.png 768w\" sizes=\"(max-width: 878px) 100vw, 878px\" \/><\/figure>\n\n\n\n<figure class=\"wp-block-image\"><a href=\"https:\/\/www.google.be\/maps\/place\/Sainte-Chr\u00e9tienne+-+Enseignement+Primaire+Sp\u00e9cial\/@50.0450684,4.3151925,17.26z\/data=!4m12!1m6!3m5!1s0x47c205b96f598c53:0xeacfafc0f1fc9f4f!2sEcole+Sainte+Chretienne!8m2!3d50.0458875!4d4.3168871!3m4!1s0x0:0xb03d59b699a560f1!8m2!3d50.0438281!4d4.3158788?hl=fr\"><img loading=\"lazy\" decoding=\"async\" width=\"1024\" height=\"726\" src=\"http:\/\/secondaire.saintechretienne.be\/wordpress\/wp-content\/uploads\/2022\/09\/Carte-f\u00eate-des-p\u00e8res-plan-de-restaurant-violet-2-1024x726.png\" alt=\"\" class=\"wp-image-3261\" srcset=\"https:\/\/secondaire.saintechretienne.be\/wordpress\/wp-content\/uploads\/2022\/09\/Carte-f\u00eate-des-p\u00e8res-plan-de-restaurant-violet-2-1024x726.png 1024w, https:\/\/secondaire.saintechretienne.be\/wordpress\/wp-content\/uploads\/2022\/09\/Carte-f\u00eate-des-p\u00e8res-plan-de-restaurant-violet-2-300x213.png 300w, https:\/\/secondaire.saintechretienne.be\/wordpress\/wp-content\/uploads\/2022\/09\/Carte-f\u00eate-des-p\u00e8res-plan-de-restaurant-violet-2-768x545.png 768w, https:\/\/secondaire.saintechretienne.be\/wordpress\/wp-content\/uploads\/2022\/09\/Carte-f\u00eate-des-p\u00e8res-plan-de-restaurant-violet-2.png 1748w\" sizes=\"(max-width: 1024px) 100vw, 1024px\" \/><\/a><\/figure>\n","protected":false},"excerpt":{"rendered":"<p>Pour en savoir davantage sur les modalit\u00e9s d&rsquo;inscription, rendez-vous sur la page suivante : Contactez-nous Notre \u00e9cole est ouverte de 8h \u00e0 16h30 les lundis, mardis, jeudis et vendredis et de 8h \u00e0 12h10 les mercredis, hors cong\u00e9s et jours f\u00e9ri\u00e9s.<\/p>\n","protected":false},"author":28,"featured_media":0,"parent":0,"menu_order":0,"comment_status":"closed","ping_status":"closed","template":"page-template\/left-sidebar.php","meta":{"footnotes":""},"class_list":["post-3050","page","type-page","status-publish","hentry"],"_links":{"self":[{"href":"https:\/\/secondaire.saintechretienne.be\/wordpress\/wp-json\/wp\/v2\/pages\/3050"}],"collection":[{"href":"https:\/\/secondaire.saintechretienne.be\/wordpress\/wp-json\/wp\/v2\/pages"}],"about":[{"href":"https:\/\/secondaire.saintechretienne.be\/wordpress\/wp-json\/wp\/v2\/types\/page"}],"author":[{"embeddable":true,"href":"https:\/\/secondaire.saintechretienne.be\/wordpress\/wp-json\/wp\/v2\/users\/28"}],"replies":[{"embeddable":true,"href":"https:\/\/secondaire.saintechretienne.be\/wordpress\/wp-json\/wp\/v2\/comments?post=3050"}],"version-history":[{"count":25,"href":"https:\/\/secondaire.saintechretienne.be\/wordpress\/wp-json\/wp\/v2\/pages\/3050\/revisions"}],"predecessor-version":[{"id":3403,"href":"https:\/\/secondaire.saintechretienne.be\/wordpress\/wp-json\/wp\/v2\/pages\/3050\/revisions\/3403"}],"wp:attachment":[{"href":"https:\/\/secondaire.saintechretienne.be\/wordpress\/wp-json\/wp\/v2\/media?parent=3050"}],"curies":[{"name":"wp","href":"https:\/\/api.w.org\/{rel}","templated":true}]}}